{"id":1630,"date":"2020-06-08T13:32:07","date_gmt":"2020-06-08T13:32:07","guid":{"rendered":"http:\/\/rheinklangwesseling.de\/?page_id=1630"},"modified":"2023-05-09T19:46:57","modified_gmt":"2023-05-09T18:46:57","slug":"foerderverein-2","status":"publish","type":"page","link":"https:\/\/rheinklangwesseling.de\/?page_id=1630","title":{"rendered":"F\u00f6rderverein"},"content":{"rendered":"\n<h1 class=\"wp-block-heading\">RheinKlang669 e.V.<\/h1>\n\n\n\n<p>Sie wissen, dass wir das RheinKlang669-Festival Jahr f\u00fcr Jahr planen, organisieren und veranstalten. Au\u00dfer ein Kulturhighlight in Wesseling zu etablieren ist es uns ein grosses Anliegen, den Besuch f\u00fcr alle G\u00e4ste kostenlos zu erm\u00f6glichen.<\/p>\n\n\n\n<p>Die Durchf\u00fchrung erfordert nat\u00fcrlich auch Geldmittel, da Anspr\u00fcche, Geb\u00fchren und Technikeinsatz sich erh\u00f6hen. Daher ben\u00f6tigen wir eine kleine Planungssicherheit und Ihre Unterst\u00fctzung ist gefragt!<\/p>\n\n\n\n<p>Mit Ihrer F\u00f6rdermitgliedschaft helfen Sie uns, das Rheinklang669-Festival weiterhin durchzuf\u00fchren und weiter zu entwickeln.<\/p>\n\n\n\n<p>Ihre Vorteile als F\u00f6rdermitglied:<\/p>\n\n\n\n<ul class=\"wp-block-list\">\n<li>Die F\u00f6rderung ist steuerlich absetzbar.<\/li>\n\n\n\n<li>Sie k\u00f6nnen sie jederzeit ohne Angabe von Gr\u00fcnden k\u00fcndigen. Ein Anruf oder eine Email gen\u00fcgt.<\/li>\n<\/ul>\n\n\n\n<p>F\u00f6rdermitglied von RheinKlang669 zu werden ist ganz einfach.<\/p>\n\n\n\n<p>Sie finden den Aufnahmeantrag <a href=\"http:\/\/rheinklangwesseling.de\/wp-content\/uploads\/Dokumente\/RK669_Aufnahmeantrag2019.pdf\">hier<\/a>.<\/p>\n\n\n\n<p>Oder senden Sie uns einfach \u00fcber das Kontaktformular eine Anfrage und Sie erhalten den Aufnahmeantrag mit allen weiteren wichtigen Informationen von uns per E-Mail.<\/p>\n\n\n\n<p>Kontakt zum F\u00f6rderverein:<\/p>\n\n\n\n<p>Foerderverein@rheinklang669.de<\/p>\n","protected":false},"excerpt":{"rendered":"<p>RheinKlang669 e.V. Sie wissen, dass wir das RheinKlang669-Festival Jahr f\u00fcr Jahr planen, organisieren und veranstalten. Au\u00dfer ein Kulturhighlight in Wesseling zu etablieren ist es uns ein grosses Anliegen, den Besuch &hellip; <\/p>\n<p class=\"link-more\"><a href=\"https:\/\/rheinklangwesseling.de\/?page_id=1630\" class=\"more-link\"><span class=\"screen-reader-text\">\u201eF\u00f6rderverein\u201c <\/span>weiterlesen<\/a><\/p>\n","protected":false},"author":1,"featured_media":0,"parent":0,"menu_order":0,"comment_status":"closed","ping_status":"closed","template":"","meta":{"ngg_post_thumbnail":0,"footnotes":""},"class_list":["post-1630","page","type-page","status-publish","hentry"],"_links":{"self":[{"href":"https:\/\/rheinklangwesseling.de\/index.php?rest_route=\/wp\/v2\/pages\/1630","targetHints":{"allow":["GET"]}}],"collection":[{"href":"https:\/\/rheinklangwesseling.de\/index.php?rest_route=\/wp\/v2\/pages"}],"about":[{"href":"https:\/\/rheinklangwesseling.de\/index.php?rest_route=\/wp\/v2\/types\/page"}],"author":[{"embeddable":true,"href":"https:\/\/rheinklangwesseling.de\/index.php?rest_route=\/wp\/v2\/users\/1"}],"replies":[{"embeddable":true,"href":"https:\/\/rheinklangwesseling.de\/index.php?rest_route=%2Fwp%2Fv2%2Fcomments&post=1630"}],"version-history":[{"count":4,"href":"https:\/\/rheinklangwesseling.de\/index.php?rest_route=\/wp\/v2\/pages\/1630\/revisions"}],"predecessor-version":[{"id":2397,"href":"https:\/\/rheinklangwesseling.de\/index.php?rest_route=\/wp\/v2\/pages\/1630\/revisions\/2397"}],"wp:attachment":[{"href":"https:\/\/rheinklangwesseling.de\/index.php?rest_route=%2Fwp%2Fv2%2Fmedia&parent=1630"}],"curies":[{"name":"wp","href":"https:\/\/api.w.org\/{rel}","templated":true}]}}