{"id":2520,"date":"2024-04-21T11:17:33","date_gmt":"2024-04-21T10:17:33","guid":{"rendered":"https:\/\/rheinklangwesseling.de\/?page_id=2520"},"modified":"2025-03-13T10:38:14","modified_gmt":"2025-03-13T09:38:14","slug":"spiel-und-spass-fuer-die-kleinen","status":"publish","type":"page","link":"https:\/\/rheinklangwesseling.de\/?page_id=2520","title":{"rendered":"Spiel und Spa\u00df f\u00fcr die Kleinen!"},"content":{"rendered":"\n<p class=\"has-text-align-center has-medium-font-size\"><strong>24. Mai 2025<\/strong><\/p>\n\n\n\n<p class=\"has-text-align-center has-medium-font-size\">Ruttmanns Wiese &#8211; 15:00Uhr<\/p>\n\n\n\n<p class=\"has-text-align-center\">N\u00e4he K\u00f6lner Stra\u00dfe 4<\/p>\n\n\n\n<p>Auf Ruttmanns Wiese oberhalb der Rheintreppe, wo das B\u00fchnenprogramm l\u00e4uft, bieten wir am Samstagnachmittag wieder ab 15 Uhr ein Kinderprogramm an.<\/p>\n\n\n\n<p>Es gibt in Kooperation mit Play on Demand, ein Angebot des Sport- &amp; Gesundheitszentrums Wesseling, H\u00fcpfburgen f\u00fcr Kleinere und Gr\u00f6\u00dfere.<\/p>\n\n\n\n<p>Au\u00dferdem k\u00f6nnen sich unsere kleinen Besucherinnen und Besucher schminken lassen.<\/p>\n\n\n\n<figure class=\"wp-block-image size-large\"><img loading=\"lazy\" decoding=\"async\" width=\"1024\" height=\"480\" src=\"https:\/\/rheinklangwesseling.de\/wp-content\/uploads\/2025\/03\/20250524-Kinderprogramm-Collage-1-1024x480.jpg\" alt=\"\" class=\"wp-image-2603\" srcset=\"https:\/\/rheinklangwesseling.de\/wp-content\/uploads\/2025\/03\/20250524-Kinderprogramm-Collage-1-1024x480.jpg 1024w, https:\/\/rheinklangwesseling.de\/wp-content\/uploads\/2025\/03\/20250524-Kinderprogramm-Collage-1-300x141.jpg 300w, https:\/\/rheinklangwesseling.de\/wp-content\/uploads\/2025\/03\/20250524-Kinderprogramm-Collage-1-768x360.jpg 768w, https:\/\/rheinklangwesseling.de\/wp-content\/uploads\/2025\/03\/20250524-Kinderprogramm-Collage-1-1536x720.jpg 1536w, https:\/\/rheinklangwesseling.de\/wp-content\/uploads\/2025\/03\/20250524-Kinderprogramm-Collage-1-2048x961.jpg 2048w\" sizes=\"auto, (max-width: 767px) 89vw, (max-width: 1000px) 54vw, (max-width: 1071px) 543px, 580px\" \/><\/figure>\n\n\n\n<p>Fotos: Anita Brandtst\u00e4ter<\/p>\n","protected":false},"excerpt":{"rendered":"<p>24. Mai 2025 Ruttmanns Wiese &#8211; 15:00Uhr N\u00e4he K\u00f6lner Stra\u00dfe 4 Auf Ruttmanns Wiese oberhalb der Rheintreppe, wo das B\u00fchnenprogramm l\u00e4uft, bieten wir am Samstagnachmittag wieder ab 15 Uhr ein &hellip; <\/p>\n<p class=\"link-more\"><a href=\"https:\/\/rheinklangwesseling.de\/?page_id=2520\" class=\"more-link\"><span class=\"screen-reader-text\">\u201eSpiel und Spa\u00df f\u00fcr die Kleinen!\u201c <\/span>weiterlesen<\/a><\/p>\n","protected":false},"author":1,"featured_media":0,"parent":0,"menu_order":0,"comment_status":"closed","ping_status":"closed","template":"","meta":{"ngg_post_thumbnail":0,"footnotes":""},"class_list":["post-2520","page","type-page","status-publish","hentry"],"_links":{"self":[{"href":"https:\/\/rheinklangwesseling.de\/index.php?rest_route=\/wp\/v2\/pages\/2520","targetHints":{"allow":["GET"]}}],"collection":[{"href":"https:\/\/rheinklangwesseling.de\/index.php?rest_route=\/wp\/v2\/pages"}],"about":[{"href":"https:\/\/rheinklangwesseling.de\/index.php?rest_route=\/wp\/v2\/types\/page"}],"author":[{"embeddable":true,"href":"https:\/\/rheinklangwesseling.de\/index.php?rest_route=\/wp\/v2\/users\/1"}],"replies":[{"embeddable":true,"href":"https:\/\/rheinklangwesseling.de\/index.php?rest_route=%2Fwp%2Fv2%2Fcomments&post=2520"}],"version-history":[{"count":9,"href":"https:\/\/rheinklangwesseling.de\/index.php?rest_route=\/wp\/v2\/pages\/2520\/revisions"}],"predecessor-version":[{"id":2659,"href":"https:\/\/rheinklangwesseling.de\/index.php?rest_route=\/wp\/v2\/pages\/2520\/revisions\/2659"}],"wp:attachment":[{"href":"https:\/\/rheinklangwesseling.de\/index.php?rest_route=%2Fwp%2Fv2%2Fmedia&parent=2520"}],"curies":[{"name":"wp","href":"https:\/\/api.w.org\/{rel}","templated":true}]}}